{"id":180,"date":"2020-02-24T21:38:33","date_gmt":"2020-02-24T21:38:33","guid":{"rendered":"http:\/\/www.miedzyslowami.org.pl\/?page_id=180"},"modified":"2020-02-24T22:29:41","modified_gmt":"2020-02-24T22:29:41","slug":"vr","status":"publish","type":"page","link":"http:\/\/www.miedzyslowami.org.pl\/index.php\/vr\/","title":{"rendered":"VR"},"content":{"rendered":"\t\t<div data-elementor-type=\"wp-page\" data-elementor-id=\"180\" class=\"elementor elementor-180\" data-elementor-settings=\"[]\">\n\t\t\t<div class=\"elementor-inner\">\n\t\t\t\t<div class=\"elementor-section-wrap\">\n\t\t\t\t\t\t\t<section class=\"elementor-element elementor-element-191d9e72 elementor-section-height-min-height elementor-section-stretched elementor-section-boxed elementor-section-height-default elementor-section-items-middle elementor-section elementor-top-section\" data-id=\"191d9e72\" data-element_type=\"section\" data-settings=\"{&quot;background_background&quot;:&quot;classic&quot;,&quot;sticky&quot;:&quot;top&quot;,&quot;stretch_section&quot;:&quot;section-stretched&quot;,&quot;sticky_on&quot;:[&quot;desktop&quot;,&quot;tablet&quot;,&quot;mobile&quot;],&quot;sticky_offset&quot;:0,&quot;sticky_effects_offset&quot;:0}\">\n\t\t\t\t\t\t<div class=\"elementor-container elementor-column-gap-default\">\n\t\t\t\t<div class=\"elementor-row\">\n\t\t\t\t<div class=\"elementor-element elementor-element-4cd0fb41 elementor-column elementor-col-33 elementor-top-column\" data-id=\"4cd0fb41\" data-element_type=\"column\">\n\t\t\t<div class=\"elementor-column-wrap  elementor-element-populated\">\n\t\t\t\t\t<div class=\"elementor-widget-wrap\">\n\t\t\t\t<div class=\"elementor-element elementor-element-194f026b elementor-widget elementor-widget-image\" data-id=\"194f026b\" data-element_type=\"widget\" data-widget_type=\"image.default\">\n\t\t\t\t<div class=\"elementor-widget-container\">\n\t\t\t\t\t<div class=\"elementor-image\">\n\t\t\t\t\t\t\t\t\t\t<img width=\"200\" height=\"109\" src=\"http:\/\/www.miedzyslowami.org.pl\/wp-content\/uploads\/2020\/02\/MIEDZY-SLOWAMI-logo.png\" class=\"attachment-medium size-medium\" alt=\"\" loading=\"lazy\" \/>\t\t\t\t\t\t\t\t\t\t\t<\/div>\n\t\t\t\t<\/div>\n\t\t\t\t<\/div>\n\t\t\t\t\t\t<\/div>\n\t\t\t<\/div>\n\t\t<\/div>\n\t\t\t\t<div class=\"elementor-element elementor-element-5ad3877f elementor-column elementor-col-33 elementor-top-column\" data-id=\"5ad3877f\" data-element_type=\"column\">\n\t\t\t<div class=\"elementor-column-wrap  elementor-element-populated\">\n\t\t\t\t\t<div class=\"elementor-widget-wrap\">\n\t\t\t\t<div class=\"elementor-element elementor-element-49a19320 elementor-nav-menu__align-right elementor-nav-menu--stretch elementor-nav-menu__text-align-center elementor-nav-menu--indicator-angle elementor-nav-menu--dropdown-tablet elementor-nav-menu--toggle elementor-nav-menu--burger elementor-widget elementor-widget-nav-menu\" data-id=\"49a19320\" data-element_type=\"widget\" data-settings=\"{&quot;full_width&quot;:&quot;stretch&quot;,&quot;layout&quot;:&quot;horizontal&quot;,&quot;toggle&quot;:&quot;burger&quot;}\" data-widget_type=\"nav-menu.default\">\n\t\t\t\t<div class=\"elementor-widget-container\">\n\t\t\t\t\t\t<nav role=\"navigation\" class=\"elementor-nav-menu--main elementor-nav-menu__container elementor-nav-menu--layout-horizontal e--pointer-underline e--animation-none\"><ul id=\"menu-1-49a19320\" class=\"elementor-nav-menu\"><li class=\"menu-item menu-item-type-custom menu-item-object-custom menu-item-57\"><a href=\"#omnie\" class=\"elementor-item elementor-item-anchor\">O Mnie<\/a><\/li>\n<li class=\"menu-item menu-item-type-custom menu-item-object-custom menu-item-has-children menu-item-59\"><a href=\"#oferta\" class=\"elementor-item elementor-item-anchor\">Oferta<\/a>\n<ul class=\"sub-menu elementor-nav-menu--dropdown\">\n\t<li class=\"menu-item menu-item-type-custom menu-item-object-custom menu-item-67\"><a href=\"#jak\" class=\"elementor-sub-item elementor-item-anchor\">Jak Wygl\u0105da Terapia?<\/a><\/li>\n\t<li class=\"menu-item menu-item-type-custom menu-item-object-custom menu-item-has-children menu-item-306\"><a href=\"#rodzaje\" class=\"elementor-sub-item elementor-item-anchor\">Rodzaje Terapii<\/a>\n\t<ul class=\"sub-menu elementor-nav-menu--dropdown\">\n\t\t<li class=\"menu-item menu-item-type-post_type menu-item-object-page menu-item-308\"><a href=\"http:\/\/www.miedzyslowami.org.pl\/index.php\/cbt\/\" class=\"elementor-sub-item\">CBT<\/a><\/li>\n\t\t<li class=\"menu-item menu-item-type-post_type menu-item-object-page menu-item-309\"><a href=\"http:\/\/www.miedzyslowami.org.pl\/index.php\/dbt\/\" class=\"elementor-sub-item\">DBT<\/a><\/li>\n\t<\/ul>\n<\/li>\n\t<li class=\"menu-item menu-item-type-custom menu-item-object-custom menu-item-307\"><a href=\"#dlaczego\" class=\"elementor-sub-item elementor-item-anchor\">Dlaczego Warto?<\/a><\/li>\n<\/ul>\n<\/li>\n<li class=\"menu-item menu-item-type-custom menu-item-object-custom menu-item-has-children menu-item-60\"><a href=\"#Innowacje\" class=\"elementor-item elementor-item-anchor\">Innowacje Terapeutyczne<\/a>\n<ul class=\"sub-menu elementor-nav-menu--dropdown\">\n\t<li class=\"menu-item menu-item-type-custom menu-item-object-custom menu-item-71\"><a href=\"http:\/\/www.miedzyslowami.org.pl\/index.php\/sooma\/\" class=\"elementor-sub-item\">Tds Sooma<\/a><\/li>\n\t<li class=\"menu-item menu-item-type-custom menu-item-object-custom menu-item-73\"><a href=\"http:\/\/www.miedzyslowami.org.pl\/index.php\/vr\/\" class=\"elementor-sub-item\">wirtualna rzeczywisto\u015b\u0107<\/a><\/li>\n<\/ul>\n<\/li>\n<li class=\"menu-item menu-item-type-custom menu-item-object-custom menu-item-62\"><a href=\"#blog\" class=\"elementor-item elementor-item-anchor\">Blog<\/a><\/li>\n<li class=\"menu-item menu-item-type-custom menu-item-object-custom menu-item-219\"><a href=\"#Kontakt\" class=\"elementor-item elementor-item-anchor\">Kontakt<\/a><\/li>\n<\/ul><\/nav>\n\t\t\t\t\t<div class=\"elementor-menu-toggle\" role=\"button\" tabindex=\"0\" aria-label=\"Menu Toggle\" aria-expanded=\"false\">\n\t\t\t<i class=\"eicon-menu-bar\" aria-hidden=\"true\"><\/i>\n\t\t\t<span class=\"elementor-screen-only\">Menu<\/span>\n\t\t<\/div>\n\t\t\t<nav class=\"elementor-nav-menu--dropdown elementor-nav-menu__container\" role=\"navigation\" aria-hidden=\"true\"><ul id=\"menu-2-49a19320\" class=\"elementor-nav-menu\"><li class=\"menu-item menu-item-type-custom menu-item-object-custom menu-item-57\"><a href=\"#omnie\" class=\"elementor-item elementor-item-anchor\">O Mnie<\/a><\/li>\n<li class=\"menu-item menu-item-type-custom menu-item-object-custom menu-item-has-children menu-item-59\"><a href=\"#oferta\" class=\"elementor-item elementor-item-anchor\">Oferta<\/a>\n<ul class=\"sub-menu elementor-nav-menu--dropdown\">\n\t<li class=\"menu-item menu-item-type-custom menu-item-object-custom menu-item-67\"><a href=\"#jak\" class=\"elementor-sub-item elementor-item-anchor\">Jak Wygl\u0105da Terapia?<\/a><\/li>\n\t<li class=\"menu-item menu-item-type-custom menu-item-object-custom menu-item-has-children menu-item-306\"><a href=\"#rodzaje\" class=\"elementor-sub-item elementor-item-anchor\">Rodzaje Terapii<\/a>\n\t<ul class=\"sub-menu elementor-nav-menu--dropdown\">\n\t\t<li class=\"menu-item menu-item-type-post_type menu-item-object-page menu-item-308\"><a href=\"http:\/\/www.miedzyslowami.org.pl\/index.php\/cbt\/\" class=\"elementor-sub-item\">CBT<\/a><\/li>\n\t\t<li class=\"menu-item menu-item-type-post_type menu-item-object-page menu-item-309\"><a href=\"http:\/\/www.miedzyslowami.org.pl\/index.php\/dbt\/\" class=\"elementor-sub-item\">DBT<\/a><\/li>\n\t<\/ul>\n<\/li>\n\t<li class=\"menu-item menu-item-type-custom menu-item-object-custom menu-item-307\"><a href=\"#dlaczego\" class=\"elementor-sub-item elementor-item-anchor\">Dlaczego Warto?<\/a><\/li>\n<\/ul>\n<\/li>\n<li class=\"menu-item menu-item-type-custom menu-item-object-custom menu-item-has-children menu-item-60\"><a href=\"#Innowacje\" class=\"elementor-item elementor-item-anchor\">Innowacje Terapeutyczne<\/a>\n<ul class=\"sub-menu elementor-nav-menu--dropdown\">\n\t<li class=\"menu-item menu-item-type-custom menu-item-object-custom menu-item-71\"><a href=\"http:\/\/www.miedzyslowami.org.pl\/index.php\/sooma\/\" class=\"elementor-sub-item\">Tds Sooma<\/a><\/li>\n\t<li class=\"menu-item menu-item-type-custom menu-item-object-custom menu-item-73\"><a href=\"http:\/\/www.miedzyslowami.org.pl\/index.php\/vr\/\" class=\"elementor-sub-item\">wirtualna rzeczywisto\u015b\u0107<\/a><\/li>\n<\/ul>\n<\/li>\n<li class=\"menu-item menu-item-type-custom menu-item-object-custom menu-item-62\"><a href=\"#blog\" class=\"elementor-item elementor-item-anchor\">Blog<\/a><\/li>\n<li class=\"menu-item menu-item-type-custom menu-item-object-custom menu-item-219\"><a href=\"#Kontakt\" class=\"elementor-item elementor-item-anchor\">Kontakt<\/a><\/li>\n<\/ul><\/nav>\n\t\t\t\t<\/div>\n\t\t\t\t<\/div>\n\t\t\t\t\t\t<\/div>\n\t\t\t<\/div>\n\t\t<\/div>\n\t\t\t\t<div class=\"elementor-element elementor-element-4f4830d3 elementor-column elementor-col-33 elementor-top-column\" data-id=\"4f4830d3\" data-element_type=\"column\">\n\t\t\t<div class=\"elementor-column-wrap  elementor-element-populated\">\n\t\t\t\t\t<div class=\"elementor-widget-wrap\">\n\t\t\t\t<div class=\"elementor-element elementor-element-4ff4f858 elementor-align-right elementor-mobile-align-center elementor-hidden-phone elementor-icon-list--layout-traditional elementor-widget elementor-widget-icon-list\" data-id=\"4ff4f858\" data-element_type=\"widget\" data-widget_type=\"icon-list.default\">\n\t\t\t\t<div class=\"elementor-widget-container\">\n\t\t\t\t\t<ul class=\"elementor-icon-list-items\">\n\t\t\t\t\t\t\t<li class=\"elementor-icon-list-item\" >\n\t\t\t\t\t\t\t\t\t\t\t<span class=\"elementor-icon-list-icon\">\n\t\t\t\t\t\t\t<i aria-hidden=\"true\" class=\"fas fa-phone-alt\"><\/i>\t\t\t\t\t\t<\/span>\n\t\t\t\t\t\t\t\t\t\t<span class=\"elementor-icon-list-text\">604 779 228<\/span>\n\t\t\t\t\t\t\t\t\t<\/li>\n\t\t\t\t\t\t<\/ul>\n\t\t\t\t<\/div>\n\t\t\t\t<\/div>\n\t\t\t\t\t\t<\/div>\n\t\t\t<\/div>\n\t\t<\/div>\n\t\t\t\t\t\t<\/div>\n\t\t\t<\/div>\n\t\t<\/section>\n\t\t\t\t<section class=\"elementor-element elementor-element-5023aadc elementor-section-content-middle elementor-section-stretched elementor-section-boxed elementor-section-height-default elementor-section-height-default elementor-section elementor-top-section\" data-id=\"5023aadc\" data-element_type=\"section\" data-settings=\"{&quot;background_background&quot;:&quot;classic&quot;,&quot;background_motion_fx_motion_fx_scrolling&quot;:&quot;yes&quot;,&quot;background_motion_fx_translateY_effect&quot;:&quot;yes&quot;,&quot;stretch_section&quot;:&quot;section-stretched&quot;,&quot;background_motion_fx_translateY_speed&quot;:{&quot;unit&quot;:&quot;px&quot;,&quot;size&quot;:4,&quot;sizes&quot;:[]},&quot;background_motion_fx_translateY_affectedRange&quot;:{&quot;unit&quot;:&quot;%&quot;,&quot;size&quot;:&quot;&quot;,&quot;sizes&quot;:{&quot;start&quot;:0,&quot;end&quot;:100}},&quot;background_motion_fx_devices&quot;:[&quot;desktop&quot;,&quot;tablet&quot;,&quot;mobile&quot;]}\">\n\t\t\t\t\t\t\t<div class=\"elementor-background-overlay\"><\/div>\n\t\t\t\t\t\t\t<div class=\"elementor-container elementor-column-gap-no\">\n\t\t\t\t<div class=\"elementor-row\">\n\t\t\t\t<div class=\"elementor-element elementor-element-69635a75 elementor-column elementor-col-100 elementor-top-column\" data-id=\"69635a75\" data-element_type=\"column\">\n\t\t\t<div class=\"elementor-column-wrap  elementor-element-populated\">\n\t\t\t\t\t<div class=\"elementor-widget-wrap\">\n\t\t\t\t<div class=\"elementor-element elementor-element-247b165 elementor-widget elementor-widget-heading\" data-id=\"247b165\" data-element_type=\"widget\" data-widget_type=\"heading.default\">\n\t\t\t\t<div class=\"elementor-widget-container\">\n\t\t\t<h2 class=\"elementor-heading-title elementor-size-default\">VR \u2013WIRTUALNA RZECZYWISTO\u015a\u0106<\/h2>\t\t<\/div>\n\t\t\t\t<\/div>\n\t\t\t\t<div class=\"elementor-element elementor-element-2d10d400 elementor-invisible elementor-widget elementor-widget-text-editor\" data-id=\"2d10d400\" data-element_type=\"widget\" data-settings=\"{&quot;_animation&quot;:&quot;fadeIn&quot;}\" data-widget_type=\"text-editor.default\">\n\t\t\t\t<div class=\"elementor-widget-container\">\n\t\t\t\t\t<div class=\"elementor-text-editor elementor-clearfix\"><p><strong>Skuteczna w leczeniu: <\/strong><\/p><\/div>\n\t\t\t\t<\/div>\n\t\t\t\t<\/div>\n\t\t\t\t<div class=\"elementor-element elementor-element-fd143a3 elementor-icon-list--layout-traditional elementor-invisible elementor-widget elementor-widget-icon-list\" data-id=\"fd143a3\" data-element_type=\"widget\" data-settings=\"{&quot;_animation&quot;:&quot;fadeInRight&quot;}\" data-widget_type=\"icon-list.default\">\n\t\t\t\t<div class=\"elementor-widget-container\">\n\t\t\t\t\t<ul class=\"elementor-icon-list-items\">\n\t\t\t\t\t\t\t<li class=\"elementor-icon-list-item\" >\n\t\t\t\t\t\t\t\t\t\t\t<span class=\"elementor-icon-list-icon\">\n\t\t\t\t\t\t\t<i aria-hidden=\"true\" class=\"fas fa-check\"><\/i>\t\t\t\t\t\t<\/span>\n\t\t\t\t\t\t\t\t\t\t<span class=\"elementor-icon-list-text\">l\u0119k\u00f3w zwi\u0105zanych ze \u015brodowiskiem szkolnym i fobi\u0105 szkoln\u0105<\/span>\n\t\t\t\t\t\t\t\t\t<\/li>\n\t\t\t\t\t\t\t\t<li class=\"elementor-icon-list-item\" >\n\t\t\t\t\t\t\t\t\t\t\t<span class=\"elementor-icon-list-icon\">\n\t\t\t\t\t\t\t<i aria-hidden=\"true\" class=\"fas fa-check\"><\/i>\t\t\t\t\t\t<\/span>\n\t\t\t\t\t\t\t\t\t\t<span class=\"elementor-icon-list-text\">nastoletniej depresji<\/span>\n\t\t\t\t\t\t\t\t\t<\/li>\n\t\t\t\t\t\t\t\t<li class=\"elementor-icon-list-item\" >\n\t\t\t\t\t\t\t\t\t\t\t<span class=\"elementor-icon-list-icon\">\n\t\t\t\t\t\t\t<i aria-hidden=\"true\" class=\"fas fa-check\"><\/i>\t\t\t\t\t\t<\/span>\n\t\t\t\t\t\t\t\t\t\t<span class=\"elementor-icon-list-text\">fobii prostych (l\u0119k wysoko\u015bci, arachnofobia, klaustrofobia etc.) i fobii spo\u0142ecznej <\/span>\n\t\t\t\t\t\t\t\t\t<\/li>\n\t\t\t\t\t\t\t\t<li class=\"elementor-icon-list-item\" >\n\t\t\t\t\t\t\t\t\t\t\t<span class=\"elementor-icon-list-icon\">\n\t\t\t\t\t\t\t<i aria-hidden=\"true\" class=\"fas fa-check\"><\/i>\t\t\t\t\t\t<\/span>\n\t\t\t\t\t\t\t\t\t\t<span class=\"elementor-icon-list-text\">l\u0119k\u00f3w zwi\u0105zanych z wyst\u0105pieniami publicznymi<\/span>\n\t\t\t\t\t\t\t\t\t<\/li>\n\t\t\t\t\t\t\t\t<li class=\"elementor-icon-list-item\" >\n\t\t\t\t\t\t\t\t\t\t\t<span class=\"elementor-icon-list-icon\">\n\t\t\t\t\t\t\t<i aria-hidden=\"true\" class=\"fas fa-check\"><\/i>\t\t\t\t\t\t<\/span>\n\t\t\t\t\t\t\t\t\t\t<span class=\"elementor-icon-list-text\">przewlek\u0142ego b\u00f3lu<\/span>\n\t\t\t\t\t\t\t\t\t<\/li>\n\t\t\t\t\t\t\t\t<li class=\"elementor-icon-list-item\" >\n\t\t\t\t\t\t\t\t\t\t\t<span class=\"elementor-icon-list-icon\">\n\t\t\t\t\t\t\t<i aria-hidden=\"true\" class=\"fas fa-check\"><\/i>\t\t\t\t\t\t<\/span>\n\t\t\t\t\t\t\t\t\t\t<span class=\"elementor-icon-list-text\">uzale\u017cnie\u0144<\/span>\n\t\t\t\t\t\t\t\t\t<\/li>\n\t\t\t\t\t\t<\/ul>\n\t\t\t\t<\/div>\n\t\t\t\t<\/div>\n\t\t\t\t<div class=\"elementor-element elementor-element-1625e064 elementor-invisible elementor-widget elementor-widget-text-editor\" data-id=\"1625e064\" data-element_type=\"widget\" data-settings=\"{&quot;_animation&quot;:&quot;fadeIn&quot;}\" data-widget_type=\"text-editor.default\">\n\t\t\t\t<div class=\"elementor-widget-container\">\n\t\t\t\t\t<div class=\"elementor-text-editor elementor-clearfix\"><p>Wykorzystuj\u0119 technologi\u0119 komputerow\u0105, umo\u017cliwiaj\u0105c\u0105 zanurzenie w \u015brodowisko nawi\u0105zuj\u0105ce do rzeczywisto\u015bci za pomoc\u0105 specjalnie przygotowanych gogli. Gogle VR zawieraj\u0105 ekran na kt\u00f3rym zostaje wy\u015bwietlony obraz daj\u0105cy wra\u017cenie tr\u00f3jwymiarowej przestrzeni. Jednocze\u015bnie gogle zas\u0142aniaj\u0105 ca\u0142kowicie oczy u\u017cytkownika, co izoluje go od realnego \u015bwiata. Obraz jest pokazywany w czasie rzeczywistym, na bie\u017c\u0105co wy\u015bwietla odpowiedni fragment \u015bwiata i dostosowuje si\u0119 do ruch\u00f3w g\u0142owy u\u017cytkownika. Pracuj\u0119 na sprz\u0119cie o wysokiej jako\u015bci: dobrej rozdzielczo\u015bci obrazu, szybko\u015bci od\u015bwie\u017cania i przestrzenno\u015bci d\u017awi\u0119ku. System zosta\u0142 wyprodukowany w Stanach Zjednoczonych w o\u015brodku uniwersyteckim w Palo Alto, a badania nad efektywno\u015bci\u0105 sprz\u0119tu w pomocy psychologicznej,\u00a0 prowadzone s\u0105 r\u00f3wnocze\u015bnie w Hiszpanii i USA.<\/p><p>Wirtualna rzeczywisto\u015b\u0107 od kilkunastu lat jest metod\u0105 stosowan\u0105 w psychologii klinicznej i psychoterapii na \u015bwiecie. Szczeg\u00f3lnie skuteczna wydaje si\u0119 by\u0107 w leczeniu l\u0119ku, fobii specyficznych, fobii spo\u0142ecznych, l\u0119ku przed wyst\u0105pieniami publicznymi i zespo\u0142u stresu pourazowego. Zupe\u0142nie nowym zastosowaniem jest leczenie uzale\u017cnie\u0144. VR sta\u0142a si\u0119 alternatyw\u0105 dla terapii ekspozycji, jako jej bezpieczniejsza, mniej k\u0142opotliwa i mniej kosztowna forma. Pacjent ma poczucie zanurzenia w do\u015bwiadczanej rzeczywisto\u015bci dzi\u0119ki dostarczanym bod\u017acom zmys\u0142owym. Osoba poddawana terapii tej metod\u0105 reaguje realistycznie- ma poczucie pobudzenia fizjologicznego i reaguje emocjonalnie i behawioralnie.<\/p><\/div>\n\t\t\t\t<\/div>\n\t\t\t\t<\/div>\n\t\t\t\t<div class=\"elementor-element elementor-element-c6bc170 elementor-aspect-ratio-169 elementor-widget elementor-widget-video\" data-id=\"c6bc170\" data-element_type=\"widget\" data-settings=\"{&quot;aspect_ratio&quot;:&quot;169&quot;}\" data-widget_type=\"video.default\">\n\t\t\t\t<div class=\"elementor-widget-container\">\n\t\t\t\t\t<div class=\"elementor-wrapper elementor-fit-aspect-ratio elementor-open-inline\">\n\t\t\t<iframe class=\"elementor-video-iframe\" allowfullscreen title=\"youtube Video Player\" src=\"https:\/\/www.youtube.com\/embed\/Cg0Ne56fdRs?feature=oembed&amp;start&amp;end&amp;wmode=opaque&amp;loop=0&amp;controls=1&amp;mute=0&amp;rel=0&amp;modestbranding=0\"><\/iframe>\t\t<\/div>\n\t\t\t\t<\/div>\n\t\t\t\t<\/div>\n\t\t\t\t\t\t<\/div>\n\t\t\t<\/div>\n\t\t<\/div>\n\t\t\t\t\t\t<\/div>\n\t\t\t<\/div>\n\t\t<\/section>\n\t\t\t\t\t\t<\/div>\n\t\t\t<\/div>\n\t\t<\/div>\n\t\t","protected":false},"excerpt":{"rendered":"<p>604 779 228 VR \u2013WIRTUALNA RZECZYWISTO\u015a\u0106 Skuteczna w leczeniu: l\u0119k\u00f3w zwi\u0105zanych ze \u015brodowiskiem szkolnym i fobi\u0105 szkoln\u0105 nastoletniej depresji fobii prostych (l\u0119k wysoko\u015bci, arachnofobia, klaustrofobia etc.) i fobii spo\u0142ecznej l\u0119k\u00f3w zwi\u0105zanych z wyst\u0105pieniami publicznymi przewlek\u0142ego b\u00f3lu uzale\u017cnie\u0144 Wykorzystuj\u0119 technologi\u0119 komputerow\u0105, umo\u017cliwiaj\u0105c\u0105 zanurzenie w \u015brodowisko nawi\u0105zuj\u0105ce do rzeczywisto\u015bci za pomoc\u0105 specjalnie przygotowanych gogli. Gogle VR zawieraj\u0105&hellip;&nbsp;<a href=\"http:\/\/www.miedzyslowami.org.pl\/index.php\/vr\/\" class=\"\" rel=\"bookmark\">Czytaj wi\u0119cej &raquo;<span class=\"screen-reader-text\">VR<\/span><\/a><\/p>\n","protected":false},"author":1,"featured_media":0,"parent":0,"menu_order":0,"comment_status":"closed","ping_status":"closed","template":"","meta":[],"_links":{"self":[{"href":"http:\/\/www.miedzyslowami.org.pl\/index.php\/wp-json\/wp\/v2\/pages\/180"}],"collection":[{"href":"http:\/\/www.miedzyslowami.org.pl\/index.php\/wp-json\/wp\/v2\/pages"}],"about":[{"href":"http:\/\/www.miedzyslowami.org.pl\/index.php\/wp-json\/wp\/v2\/types\/page"}],"author":[{"embeddable":true,"href":"http:\/\/www.miedzyslowami.org.pl\/index.php\/wp-json\/wp\/v2\/users\/1"}],"replies":[{"embeddable":true,"href":"http:\/\/www.miedzyslowami.org.pl\/index.php\/wp-json\/wp\/v2\/comments?post=180"}],"version-history":[{"count":4,"href":"http:\/\/www.miedzyslowami.org.pl\/index.php\/wp-json\/wp\/v2\/pages\/180\/revisions"}],"predecessor-version":[{"id":206,"href":"http:\/\/www.miedzyslowami.org.pl\/index.php\/wp-json\/wp\/v2\/pages\/180\/revisions\/206"}],"wp:attachment":[{"href":"http:\/\/www.miedzyslowami.org.pl\/index.php\/wp-json\/wp\/v2\/media?parent=180"}],"curies":[{"name":"wp","href":"https:\/\/api.w.org\/{rel}","templated":true}]}}